{"id":263,"date":"2021-10-11T06:10:16","date_gmt":"2021-10-11T06:10:16","guid":{"rendered":"https:\/\/staging.liquid-themes.com\/multipurpose\/?page_id=263"},"modified":"2026-01-19T11:57:10","modified_gmt":"2026-01-19T11:57:10","slug":"chi-siamo","status":"publish","type":"page","link":"https:\/\/www.wfsitalia.com\/it\/chi-siamo\/","title":{"rendered":"A proposito di WFS"},"content":{"rendered":"\t\t<div data-elementor-type=\"wp-page\" data-elementor-id=\"263\" class=\"elementor elementor-263\">\n\t\t\t\t<div class=\"elementor-element elementor-element-10cd330 e-flex e-con-boxed e-con e-parent\" data-id=\"10cd330\" data-element_type=\"container\" data-e-type=\"container\">\n\t\t\t\t\t<div class=\"e-con-inner\">\n\t\t<div class=\"elementor-element elementor-element-1054398 e-con-full e-flex e-con e-child\" data-id=\"1054398\" data-element_type=\"container\" data-e-type=\"container\">\n\t\t\t\t<div class=\"elementor-element elementor-element-5832a0b elementor-widget elementor-widget-ld_fancy_image\" data-id=\"5832a0b\" data-element_type=\"widget\" data-e-type=\"widget\" data-widget_type=\"ld_fancy_image.default\">\n\t\t\t\t<div class=\"elementor-widget-container\">\n\t\t\t\t\t\n\t\t<div class=\"lqd-imggrp-single d-block pos-rel \">\n\t\t\t<div class=\"lqd-imggrp-img-container d-inline-flex pos-rel align-items-center justify-content-center \">\n\t\t\t\t\t\t\t\t<figure class=\"w-100 pos-rel\">\n\t\t\t\t\t<img fetchpriority=\"high\" decoding=\"async\" width=\"700\" height=\"873\" src=\"https:\/\/www.wfsitalia.com\/wp-content\/uploads\/2025\/02\/IMG-varie-3-1.png\" class=\"attachment-full size-full wp-image-12641\" alt=\"strada in mezzo al bosco vista dall&#039;alto con auto in moviemento\" srcset=\"https:\/\/www.wfsitalia.com\/wp-content\/uploads\/2025\/02\/IMG-varie-3-1.png 700w, https:\/\/www.wfsitalia.com\/wp-content\/uploads\/2025\/02\/IMG-varie-3-1-241x300.png 241w\" sizes=\"(max-width: 700px) 100vw, 700px\" itemprop=\"image\" \/>\t\t\t\t\t\t\t\t\t\t\t\t\t\t\t\t\t\t\t\t\t\t\t\t\t\t\t\t\t<\/figure>\n\t\t\t<\/div>\n\t\t<\/div>\n\n\t\t\t\t\t<\/div>\n\t\t\t\t<\/div>\n\t\t\t\t<\/div>\n\t\t<div class=\"elementor-element elementor-element-f197749 e-con-full e-flex e-con e-child\" data-id=\"f197749\" data-element_type=\"container\" data-e-type=\"container\">\n\t\t\t\t<div class=\"elementor-element elementor-element-d1f25d9 elementor-widget elementor-widget-text-editor\" data-id=\"d1f25d9\" data-element_type=\"widget\" data-e-type=\"widget\" data-widget_type=\"text-editor.default\">\n\t\t\t\t<div class=\"elementor-widget-container\">\n\t\t\t\t\t\t\t\t\t<h2><b>Un nuovo capitolo per Westport Fuel Systems<\/b><\/h2>\t\t\t\t\t\t\t\t<\/div>\n\t\t\t\t<\/div>\n\t\t\t\t<div class=\"elementor-element elementor-element-ca1e77d elementor-widget elementor-widget-text-editor\" data-id=\"ca1e77d\" data-element_type=\"widget\" data-e-type=\"widget\" data-widget_type=\"text-editor.default\">\n\t\t\t\t<div class=\"elementor-widget-container\">\n\t\t\t\t\t\t\t\t\t<p><b>Westport Fuel Systems<\/b><span style=\"font-weight: 400;\">, insieme alle sue affiliate nei Paesi Bassi (<\/span><b>Prins<\/b><span style=\"font-weight: 400;\">), in Polonia (<\/span><b>Stako<\/b><span style=\"font-weight: 400;\">), in Argentina (<\/span><b>TA Technology<\/b><span style=\"font-weight: 400;\">) e alla joint venture <\/span><b>MWTL<\/b><span style=\"font-weight: 400;\"> in India, si \u00e8 formalmente separata da Westport Fuel Systems Inc., con sede a Vancouver, in Canada. Questo evento segna una tappa fondamentale nell&#8217;evoluzione del gruppo, consentendo una maggiore focalizzazione strategica, agilit\u00e0 e crescita sotto una nuova leadership dedicata. <\/span><\/p><p><span style=\"font-weight: 400;\">Maggiori informazioni sono disponibili nel nostro <a href=\"https:\/\/www.wfsitalia.com\/it\/westport-fuel-systems-inizia-un-nuovo-capitolo-con-una-nuova-proprieta-e-una-nuova-leadership\/\"><span style=\"color: #00529c;\"><strong>comunicato stampa<\/strong><\/span><\/a>.<\/span><\/p>\t\t\t\t\t\t\t\t<\/div>\n\t\t\t\t<\/div>\n\t\t\t\t<div class=\"elementor-element elementor-element-2820046 elementor-mobile-align-center elementor-widget elementor-widget-ld_button\" data-id=\"2820046\" data-element_type=\"widget\" data-e-type=\"widget\" data-widget_type=\"ld_button.default\">\n\t\t\t\t<div class=\"elementor-widget-container\">\n\t\t\t\t\t\n\t\t\t<a\n\t\t\t\thref=\"\/it\/soluzioni\/\"class=\"elementor-button btn btn-solid btn-icon-right btn-has-label\"\t\t\t>\n\t\t\t\t\t\t\t\t\t<span data-text=\"Scopri le nostre soluzioni\" class=\"btn-txt\">\n\t\t\t\t\t\tScopri le nostre soluzioni\t\t\t\t\t<\/span>\n\t\t\t\t\t\t\t\t\t\t\t\t\t\t<span class=\"btn-icon\">\n\t\t\t\t\t\t\t<i aria-hidden=\"true\" class=\"lqd-icn-ess icon-ion-ios-arrow-forward\"><\/i>\t\t\t\t\t\t<\/span>\n\t\t\t\t\t\t\t\t\t<\/a>\n\t\t\t\t\t\t\t<\/div>\n\t\t\t\t<\/div>\n\t\t\t\t<\/div>\n\t\t\t\t\t<\/div>\n\t\t\t\t<\/div>\n\t\t\t\t<section class=\"elementor-section elementor-top-section elementor-element elementor-element-e07eb25 elementor-section-content-middle elementor-section-boxed elementor-section-height-default elementor-section-height-default\" data-id=\"e07eb25\" data-element_type=\"section\" data-e-type=\"section\" data-settings=\"{&quot;background_background&quot;:&quot;classic&quot;}\">\n\t\t\t\t\t\t<div class=\"elementor-container elementor-column-gap-default\">\n\t\t\t\t\t<div class=\"elementor-column elementor-col-100 elementor-top-column elementor-element elementor-element-be5572d\" data-id=\"be5572d\" data-element_type=\"column\" data-e-type=\"column\">\n\t\t\t<div class=\"elementor-widget-wrap elementor-element-populated\">\n\t\t\t\t\t\t<div class=\"elementor-element elementor-element-a2a5700 elementor-widget elementor-widget-text-editor\" data-id=\"a2a5700\" data-element_type=\"widget\" data-e-type=\"widget\" data-widget_type=\"text-editor.default\">\n\t\t\t\t<div class=\"elementor-widget-container\">\n\t\t\t\t\t\t\t\t\t<h2><b>Innovazione e presenza globale<\/b><\/h2>\t\t\t\t\t\t\t\t<\/div>\n\t\t\t\t<\/div>\n\t\t\t\t<div class=\"elementor-element elementor-element-a6a519e elementor-widget elementor-widget-text-editor\" data-id=\"a6a519e\" data-element_type=\"widget\" data-e-type=\"widget\" data-widget_type=\"text-editor.default\">\n\t\t\t\t<div class=\"elementor-widget-container\">\n\t\t\t\t\t\t\t\t\t<p>Westport Fuel Systems \u00e8 un team di <b>esperti internazionali con oltre 50 anni di esperienza<\/b> nello sviluppo e nella fornitura di sistemi e componenti innovativi, di alta qualit\u00e0 ed economici per il settore automobilistico, dei trasporti e fuoristrada.<\/p><p>Sviluppiamo e forniamo sistemi e componenti avanzati a GPL, GNC, GNL e H2 per OEM (produttori di apparecchiature originali), D-OEM (produttori di apparecchiature originali ritardate) e After Market (mercato del retrofit) in tutto il mondo.<\/p><p>I <a href=\"https:\/\/www.wfsitalia.com\/it\/brand\/\"><b>marchi<\/b><\/a> del nostro portafoglio coprono un&#8217;ampia gamma di prodotti, tecnologie e servizi, per supportare i nostri clienti in oltre 70 paesi, compresi i mercati pi\u00f9 grandi e in pi\u00f9 rapida crescita del mondo. Dai carburatori, MPI ai pi\u00f9 recenti motori DI.<\/p><p>Seguiamo gli <b>standard di emissione<\/b> e i <b>processi di certificazione<\/b> sempre pi\u00f9 rigorosi per affrontare le sfide della qualit\u00e0 dell&#8217;aria urbana e dei cambiamenti climatici.<\/p><p>Il nostro appassionato personale progetta, sviluppa, produce, fornisce e supporta l&#8217;hardware e il software necessari per garantire il funzionamento ottimale dei sistemi. Offriamo un servizio completo. La sede centrale di Westport Fuel Systems \u00e8 situata a Cherasco (Cuneo), in Italia, e l&#8217;azienda ha uffici e stabilimenti a Brescia (IT), Cesena (IT), Slupsk (PL), Eindhoven (NL) e Buenos Aires (ARG).<\/p>\t\t\t\t\t\t\t\t<\/div>\n\t\t\t\t<\/div>\n\t\t\t\t<div class=\"elementor-element elementor-element-491c59b elementor-mobile-align-center elementor-align-center elementor-widget elementor-widget-ld_button\" data-id=\"491c59b\" data-element_type=\"widget\" data-e-type=\"widget\" data-widget_type=\"ld_button.default\">\n\t\t\t\t<div class=\"elementor-widget-container\">\n\t\t\t\t\t\n\t\t\t<a\n\t\t\t\thref=\"\/it\/storia\/\"class=\"elementor-button btn btn-solid btn-icon-right btn-has-label\"\t\t\t>\n\t\t\t\t\t\t\t\t\t<span data-text=\"Scopri la nostra storia\" class=\"btn-txt\">\n\t\t\t\t\t\tScopri la nostra storia\t\t\t\t\t<\/span>\n\t\t\t\t\t\t\t\t\t\t\t\t\t\t<span class=\"btn-icon\">\n\t\t\t\t\t\t\t<i aria-hidden=\"true\" class=\"lqd-icn-ess icon-ion-ios-arrow-forward\"><\/i>\t\t\t\t\t\t<\/span>\n\t\t\t\t\t\t\t\t\t<\/a>\n\t\t\t\t\t\t\t<\/div>\n\t\t\t\t<\/div>\n\t\t<div class=\"elementor-element elementor-element-a72fea4 e-con-full e-flex e-con e-child\" data-id=\"a72fea4\" data-element_type=\"container\" data-e-type=\"container\">\n\t\t\t\t<div class=\"elementor-element elementor-element-c38587a elementor-widget elementor-widget-text-editor\" data-id=\"c38587a\" data-element_type=\"widget\" data-e-type=\"widget\" data-widget_type=\"text-editor.default\">\n\t\t\t\t<div class=\"elementor-widget-container\">\n\t\t\t\t\t\t\t\t\t<h2>Bilancio Civilistico<\/h2>\t\t\t\t\t\t\t\t<\/div>\n\t\t\t\t<\/div>\n\t\t\t\t<div class=\"elementor-element elementor-element-d66b556 elementor-widget elementor-widget-text-editor\" data-id=\"d66b556\" data-element_type=\"widget\" data-e-type=\"widget\" data-widget_type=\"text-editor.default\">\n\t\t\t\t<div class=\"elementor-widget-container\">\n\t\t\t\t\t\t\t\t\t<a target=\"_blank\" href=\"https:\/\/www.wfsitalia.com\/wp-content\/uploads\/2025\/12\/Bilancio-desercizio-WFS-Italia-al-31.12.2024_compressed-2.pdf\">Anno 2024<\/a>\t\t\t\t\t\t\t\t<\/div>\n\t\t\t\t<\/div>\n\t\t\t\t<\/div>\n\t\t\t\t\t<\/div>\n\t\t<\/div>\n\t\t\t\t\t<\/div>\n\t\t<\/section>\n\t\t<div class=\"elementor-element elementor-element-899b025 e-grid e-con-boxed e-con e-parent\" data-id=\"899b025\" data-element_type=\"container\" data-e-type=\"container\">\n\t\t\t\t\t<div class=\"e-con-inner\">\n\t\t\t\t<div class=\"elementor-element elementor-element-1c66df8 elementor-widget elementor-widget-heading\" data-id=\"1c66df8\" data-element_type=\"widget\" data-e-type=\"widget\" data-widget_type=\"heading.default\">\n\t\t\t\t<div class=\"elementor-widget-container\">\n\t\t\t\t\t<h2 class=\"elementor-heading-title elementor-size-default\">I nostri VALORI<\/h2>\t\t\t\t<\/div>\n\t\t\t\t<\/div>\n\t\t\t\t\t<\/div>\n\t\t\t\t<\/div>\n\t\t<div class=\"elementor-element elementor-element-011545b e-flex e-con-boxed e-con e-parent\" data-id=\"011545b\" data-element_type=\"container\" data-e-type=\"container\">\n\t\t\t\t\t<div class=\"e-con-inner\">\n\t\t\t\t<div class=\"elementor-element elementor-element-af352e0 elementor-widget elementor-widget-text-editor\" data-id=\"af352e0\" data-element_type=\"widget\" data-e-type=\"widget\" data-widget_type=\"text-editor.default\">\n\t\t\t\t<div class=\"elementor-widget-container\">\n\t\t\t\t\t\t\t\t\t<p>I nostri valori sono fondamentali per le nostre relazioni commerciali, il nostro successo sul mercato, e fonte di orgoglio per i nostri team.<\/p>\t\t\t\t\t\t\t\t<\/div>\n\t\t\t\t<\/div>\n\t\t\t\t\t<\/div>\n\t\t\t\t<\/div>\n\t\t<div class=\"elementor-element elementor-element-7074bbc e-grid e-con-boxed e-con e-parent\" data-id=\"7074bbc\" data-element_type=\"container\" data-e-type=\"container\">\n\t\t\t\t\t<div class=\"e-con-inner\">\n\t\t<div class=\"elementor-element elementor-element-e6a3043 e-con-full e-flex e-con e-child\" data-id=\"e6a3043\" data-element_type=\"container\" data-e-type=\"container\">\n\t\t\t\t<div class=\"elementor-element elementor-element-3a83b11 elementor-position-top elementor-widget elementor-widget-image-box\" data-id=\"3a83b11\" data-element_type=\"widget\" data-e-type=\"widget\" data-widget_type=\"image-box.default\">\n\t\t\t\t<div class=\"elementor-widget-container\">\n\t\t\t\t\t<div class=\"elementor-image-box-wrapper\"><figure class=\"elementor-image-box-img\"><img decoding=\"async\" width=\"857\" height=\"919\" src=\"https:\/\/www.wfsitalia.com\/wp-content\/uploads\/2025\/11\/Purpose.png\" class=\"attachment-full size-full wp-image-16047\" alt=\"\" srcset=\"https:\/\/www.wfsitalia.com\/wp-content\/uploads\/2025\/11\/Purpose.png 857w, https:\/\/www.wfsitalia.com\/wp-content\/uploads\/2025\/11\/Purpose-280x300.png 280w\" sizes=\"(max-width: 857px) 100vw, 857px\" \/><\/figure><div class=\"elementor-image-box-content\"><p class=\"elementor-image-box-description\"><b>Alimentiamo <\/b>un futuro <b>sostenibile <\/b>e affidabile<\/p><\/div><\/div>\t\t\t\t<\/div>\n\t\t\t\t<\/div>\n\t\t\t\t<\/div>\n\t\t<div class=\"elementor-element elementor-element-ccc9c08 e-con-full e-flex e-con e-child\" data-id=\"ccc9c08\" data-element_type=\"container\" data-e-type=\"container\">\n\t\t\t\t<div class=\"elementor-element elementor-element-a9423c8 elementor-position-top elementor-widget elementor-widget-image-box\" data-id=\"a9423c8\" data-element_type=\"widget\" data-e-type=\"widget\" data-widget_type=\"image-box.default\">\n\t\t\t\t<div class=\"elementor-widget-container\">\n\t\t\t\t\t<div class=\"elementor-image-box-wrapper\"><figure class=\"elementor-image-box-img\"><img decoding=\"async\" width=\"868\" height=\"919\" src=\"data:image\/svg+xml;charset=utf-8,%3Csvg xmlns%3D&#039;http%3A%2F%2Fwww.w3.org%2F2000%2Fsvg&#039; viewBox%3D&#039;0 0 868 919&#039;%2F%3E\" class=\"attachment-full size-full wp-image-16050 ld-lazyload\" alt=\"\" data-src=\"https:\/\/www.wfsitalia.com\/wp-content\/uploads\/2025\/11\/Values.png\" data-srcset=\"https:\/\/www.wfsitalia.com\/wp-content\/uploads\/2025\/11\/Values.png 868w, https:\/\/www.wfsitalia.com\/wp-content\/uploads\/2025\/11\/Values-283x300.png 283w\" data-sizes=\"(max-width: 868px) 100vw, 868px\" data-aspect=\"0.94450489662677\" \/><\/figure><div class=\"elementor-image-box-content\"><p class=\"elementor-image-box-description\"><b>Responsabilit\u00e0<\/b>,\nRispetto,\n<b>Integrit\u00e0<\/b>,\nPerseveranza e\n<b>Passione<\/b><\/p><\/div><\/div>\t\t\t\t<\/div>\n\t\t\t\t<\/div>\n\t\t\t\t<\/div>\n\t\t<div class=\"elementor-element elementor-element-d39d3d6 e-con-full e-flex e-con e-child\" data-id=\"d39d3d6\" data-element_type=\"container\" data-e-type=\"container\">\n\t\t\t\t<div class=\"elementor-element elementor-element-89c27ab elementor-position-top elementor-widget elementor-widget-image-box\" data-id=\"89c27ab\" data-element_type=\"widget\" data-e-type=\"widget\" data-widget_type=\"image-box.default\">\n\t\t\t\t<div class=\"elementor-widget-container\">\n\t\t\t\t\t<div class=\"elementor-image-box-wrapper\"><figure class=\"elementor-image-box-img\"><img loading=\"lazy\" decoding=\"async\" width=\"841\" height=\"919\" src=\"data:image\/svg+xml;charset=utf-8,%3Csvg xmlns%3D&#039;http%3A%2F%2Fwww.w3.org%2F2000%2Fsvg&#039; viewBox%3D&#039;0 0 841 919&#039;%2F%3E\" class=\"attachment-full size-full wp-image-16049 ld-lazyload\" alt=\"\" data-src=\"https:\/\/www.wfsitalia.com\/wp-content\/uploads\/2025\/11\/Vision.png\" data-srcset=\"https:\/\/www.wfsitalia.com\/wp-content\/uploads\/2025\/11\/Vision.png 841w, https:\/\/www.wfsitalia.com\/wp-content\/uploads\/2025\/11\/Vision-275x300.png 275w\" data-sizes=\"(max-width: 841px) 100vw, 841px\" data-aspect=\"0.91512513601741\" \/><\/figure><div class=\"elementor-image-box-content\"><p class=\"elementor-image-box-description\"><b>Eccellenza<\/b>, crescita e diversificazione al <b>servizio<\/b> della <b>transizione<\/b> tecnologica ed energetica<\/p><\/div><\/div>\t\t\t\t<\/div>\n\t\t\t\t<\/div>\n\t\t\t\t<\/div>\n\t\t<div class=\"elementor-element elementor-element-9dba2ae e-con-full e-flex e-con e-child\" data-id=\"9dba2ae\" data-element_type=\"container\" data-e-type=\"container\">\n\t\t\t\t<div class=\"elementor-element elementor-element-2166aa0 elementor-position-top elementor-widget elementor-widget-image-box\" data-id=\"2166aa0\" data-element_type=\"widget\" data-e-type=\"widget\" data-widget_type=\"image-box.default\">\n\t\t\t\t<div class=\"elementor-widget-container\">\n\t\t\t\t\t<div class=\"elementor-image-box-wrapper\"><figure class=\"elementor-image-box-img\"><img loading=\"lazy\" decoding=\"async\" width=\"820\" height=\"919\" src=\"data:image\/svg+xml;charset=utf-8,%3Csvg xmlns%3D&#039;http%3A%2F%2Fwww.w3.org%2F2000%2Fsvg&#039; viewBox%3D&#039;0 0 820 919&#039;%2F%3E\" class=\"attachment-full size-full wp-image-16048 ld-lazyload\" alt=\"\" data-src=\"https:\/\/www.wfsitalia.com\/wp-content\/uploads\/2025\/11\/Mission.png\" data-srcset=\"https:\/\/www.wfsitalia.com\/wp-content\/uploads\/2025\/11\/Mission.png 820w, https:\/\/www.wfsitalia.com\/wp-content\/uploads\/2025\/11\/Mission-268x300.png 268w\" data-sizes=\"(max-width: 820px) 100vw, 820px\" data-aspect=\"0.89227421109902\" \/><\/figure><div class=\"elementor-image-box-content\"><p class=\"elementor-image-box-description\">Sviluppiamo e forniamo soluzioni <b>affidabili <\/b>per la mobilit\u00e0 e l'industria attraverso i nostri valori e le nostre <b>persone<\/b><\/p><\/div><\/div>\t\t\t\t<\/div>\n\t\t\t\t<\/div>\n\t\t\t\t<\/div>\n\t\t\t\t\t<\/div>\n\t\t\t\t<\/div>\n\t\t\t\t<\/div>\n\t\t","protected":false},"excerpt":{"rendered":"<p>Un nuovo capitolo per Westport Fuel Systems Westport Fuel Systems, insieme alle sue affiliate nei Paesi Bassi (Prins), in Polonia (Stako), in Argentina (TA Technology) e alla joint venture MWTL in India, si \u00e8 formalmente separata da Westport Fuel Systems Inc., con sede a Vancouver, in Canada. Questo evento segna una tappa fondamentale nell&#8217;evoluzione del [&hellip;]<\/p>\n","protected":false},"author":1,"featured_media":0,"parent":0,"menu_order":0,"comment_status":"closed","ping_status":"closed","template":"","meta":{"_themeisle_gutenberg_block_has_review":false,"footnotes":""},"class_list":["post-263","page","type-page","status-publish","hentry"],"yoast_head":"<!-- This site is optimized with the Yoast SEO plugin v27.4 - https:\/\/yoast.com\/product\/yoast-seo-wordpress\/ -->\n<title>Westport Fuel Systems | Chi siamo<\/title>\n<meta name=\"description\" content=\"Westport Fuel Systems \u00e8 un\u2019azienda di tecnologie per il trasporto pulito che progetta e crea componenti e sistemi.\" \/>\n<meta name=\"robots\" content=\"index, follow, max-snippet:-1, max-image-preview:large, max-video-preview:-1\" \/>\n<link rel=\"canonical\" href=\"https:\/\/www.wfsitalia.com\/it\/chi-siamo\/\" \/>\n<meta property=\"og:locale\" content=\"it_IT\" \/>\n<meta property=\"og:type\" content=\"article\" \/>\n<meta property=\"og:title\" content=\"Westport Fuel Systems | Chi siamo\" \/>\n<meta property=\"og:description\" content=\"Westport Fuel Systems \u00e8 un\u2019azienda di tecnologie per il trasporto pulito che progetta e crea componenti e sistemi.\" \/>\n<meta property=\"og:url\" content=\"https:\/\/www.wfsitalia.com\/it\/chi-siamo\/\" \/>\n<meta property=\"og:site_name\" content=\"WFS Italia\" \/>\n<meta property=\"article:modified_time\" content=\"2026-01-19T11:57:10+00:00\" \/>\n<meta property=\"og:image\" content=\"https:\/\/www.wfsitalia.com\/wp-content\/uploads\/2025\/02\/IMG-varie-3-1.png\" \/>\n\t<meta property=\"og:image:width\" content=\"700\" \/>\n\t<meta property=\"og:image:height\" content=\"873\" \/>\n\t<meta property=\"og:image:type\" content=\"image\/png\" \/>\n<meta name=\"twitter:card\" content=\"summary_large_image\" \/>\n<meta name=\"twitter:label1\" content=\"Tempo di lettura stimato\" \/>\n\t<meta name=\"twitter:data1\" content=\"3 minuti\" \/>\n<script type=\"application\/ld+json\" class=\"yoast-schema-graph\">{\"@context\":\"https:\\\/\\\/schema.org\",\"@graph\":[{\"@type\":\"WebPage\",\"@id\":\"https:\\\/\\\/www.wfsitalia.com\\\/it\\\/chi-siamo\\\/\",\"url\":\"https:\\\/\\\/www.wfsitalia.com\\\/it\\\/chi-siamo\\\/\",\"name\":\"Westport Fuel Systems | Chi siamo\",\"isPartOf\":{\"@id\":\"https:\\\/\\\/www.wfsitalia.com\\\/it\\\/#website\"},\"primaryImageOfPage\":{\"@id\":\"https:\\\/\\\/www.wfsitalia.com\\\/it\\\/chi-siamo\\\/#primaryimage\"},\"image\":{\"@id\":\"https:\\\/\\\/www.wfsitalia.com\\\/it\\\/chi-siamo\\\/#primaryimage\"},\"thumbnailUrl\":\"https:\\\/\\\/www.wfsitalia.com\\\/wp-content\\\/uploads\\\/2025\\\/02\\\/IMG-varie-3-1.png\",\"datePublished\":\"2021-10-11T06:10:16+00:00\",\"dateModified\":\"2026-01-19T11:57:10+00:00\",\"description\":\"Westport Fuel Systems \u00e8 un\u2019azienda di tecnologie per il trasporto pulito che progetta e crea componenti e sistemi.\",\"breadcrumb\":{\"@id\":\"https:\\\/\\\/www.wfsitalia.com\\\/it\\\/chi-siamo\\\/#breadcrumb\"},\"inLanguage\":\"it-IT\",\"potentialAction\":[{\"@type\":\"ReadAction\",\"target\":[\"https:\\\/\\\/www.wfsitalia.com\\\/it\\\/chi-siamo\\\/\"]}]},{\"@type\":\"ImageObject\",\"inLanguage\":\"it-IT\",\"@id\":\"https:\\\/\\\/www.wfsitalia.com\\\/it\\\/chi-siamo\\\/#primaryimage\",\"url\":\"https:\\\/\\\/www.wfsitalia.com\\\/wp-content\\\/uploads\\\/2025\\\/02\\\/IMG-varie-3-1.png\",\"contentUrl\":\"https:\\\/\\\/www.wfsitalia.com\\\/wp-content\\\/uploads\\\/2025\\\/02\\\/IMG-varie-3-1.png\"},{\"@type\":\"BreadcrumbList\",\"@id\":\"https:\\\/\\\/www.wfsitalia.com\\\/it\\\/chi-siamo\\\/#breadcrumb\",\"itemListElement\":[{\"@type\":\"ListItem\",\"position\":1,\"name\":\"Home\",\"item\":\"https:\\\/\\\/www.wfsitalia.com\\\/it\\\/\"},{\"@type\":\"ListItem\",\"position\":2,\"name\":\"A proposito di WFS\"}]},{\"@type\":\"WebSite\",\"@id\":\"https:\\\/\\\/www.wfsitalia.com\\\/it\\\/#website\",\"url\":\"https:\\\/\\\/www.wfsitalia.com\\\/it\\\/\",\"name\":\"WFS Italia\",\"description\":\"Westport Fuel Systems Inc.\",\"potentialAction\":[{\"@type\":\"SearchAction\",\"target\":{\"@type\":\"EntryPoint\",\"urlTemplate\":\"https:\\\/\\\/www.wfsitalia.com\\\/it\\\/?s={search_term_string}\"},\"query-input\":{\"@type\":\"PropertyValueSpecification\",\"valueRequired\":true,\"valueName\":\"search_term_string\"}}],\"inLanguage\":\"it-IT\"}]}<\/script>\n<!-- \/ Yoast SEO plugin. -->","yoast_head_json":{"title":"Westport Fuel Systems | Chi siamo","description":"Westport Fuel Systems \u00e8 un\u2019azienda di tecnologie per il trasporto pulito che progetta e crea componenti e sistemi.","robots":{"index":"index","follow":"follow","max-snippet":"max-snippet:-1","max-image-preview":"max-image-preview:large","max-video-preview":"max-video-preview:-1"},"canonical":"https:\/\/www.wfsitalia.com\/it\/chi-siamo\/","og_locale":"it_IT","og_type":"article","og_title":"Westport Fuel Systems | Chi siamo","og_description":"Westport Fuel Systems \u00e8 un\u2019azienda di tecnologie per il trasporto pulito che progetta e crea componenti e sistemi.","og_url":"https:\/\/www.wfsitalia.com\/it\/chi-siamo\/","og_site_name":"WFS Italia","article_modified_time":"2026-01-19T11:57:10+00:00","og_image":[{"width":700,"height":873,"url":"https:\/\/www.wfsitalia.com\/wp-content\/uploads\/2025\/02\/IMG-varie-3-1.png","type":"image\/png"}],"twitter_card":"summary_large_image","twitter_misc":{"Tempo di lettura stimato":"3 minuti"},"schema":{"@context":"https:\/\/schema.org","@graph":[{"@type":"WebPage","@id":"https:\/\/www.wfsitalia.com\/it\/chi-siamo\/","url":"https:\/\/www.wfsitalia.com\/it\/chi-siamo\/","name":"Westport Fuel Systems | Chi siamo","isPartOf":{"@id":"https:\/\/www.wfsitalia.com\/it\/#website"},"primaryImageOfPage":{"@id":"https:\/\/www.wfsitalia.com\/it\/chi-siamo\/#primaryimage"},"image":{"@id":"https:\/\/www.wfsitalia.com\/it\/chi-siamo\/#primaryimage"},"thumbnailUrl":"https:\/\/www.wfsitalia.com\/wp-content\/uploads\/2025\/02\/IMG-varie-3-1.png","datePublished":"2021-10-11T06:10:16+00:00","dateModified":"2026-01-19T11:57:10+00:00","description":"Westport Fuel Systems \u00e8 un\u2019azienda di tecnologie per il trasporto pulito che progetta e crea componenti e sistemi.","breadcrumb":{"@id":"https:\/\/www.wfsitalia.com\/it\/chi-siamo\/#breadcrumb"},"inLanguage":"it-IT","potentialAction":[{"@type":"ReadAction","target":["https:\/\/www.wfsitalia.com\/it\/chi-siamo\/"]}]},{"@type":"ImageObject","inLanguage":"it-IT","@id":"https:\/\/www.wfsitalia.com\/it\/chi-siamo\/#primaryimage","url":"https:\/\/www.wfsitalia.com\/wp-content\/uploads\/2025\/02\/IMG-varie-3-1.png","contentUrl":"https:\/\/www.wfsitalia.com\/wp-content\/uploads\/2025\/02\/IMG-varie-3-1.png"},{"@type":"BreadcrumbList","@id":"https:\/\/www.wfsitalia.com\/it\/chi-siamo\/#breadcrumb","itemListElement":[{"@type":"ListItem","position":1,"name":"Home","item":"https:\/\/www.wfsitalia.com\/it\/"},{"@type":"ListItem","position":2,"name":"A proposito di WFS"}]},{"@type":"WebSite","@id":"https:\/\/www.wfsitalia.com\/it\/#website","url":"https:\/\/www.wfsitalia.com\/it\/","name":"WFS Italia","description":"Westport Fuel Systems Inc.","potentialAction":[{"@type":"SearchAction","target":{"@type":"EntryPoint","urlTemplate":"https:\/\/www.wfsitalia.com\/it\/?s={search_term_string}"},"query-input":{"@type":"PropertyValueSpecification","valueRequired":true,"valueName":"search_term_string"}}],"inLanguage":"it-IT"}]}},"_links":{"self":[{"href":"https:\/\/www.wfsitalia.com\/it\/wp-json\/wp\/v2\/pages\/263","targetHints":{"allow":["GET"]}}],"collection":[{"href":"https:\/\/www.wfsitalia.com\/it\/wp-json\/wp\/v2\/pages"}],"about":[{"href":"https:\/\/www.wfsitalia.com\/it\/wp-json\/wp\/v2\/types\/page"}],"author":[{"embeddable":true,"href":"https:\/\/www.wfsitalia.com\/it\/wp-json\/wp\/v2\/users\/1"}],"replies":[{"embeddable":true,"href":"https:\/\/www.wfsitalia.com\/it\/wp-json\/wp\/v2\/comments?post=263"}],"version-history":[{"count":312,"href":"https:\/\/www.wfsitalia.com\/it\/wp-json\/wp\/v2\/pages\/263\/revisions"}],"predecessor-version":[{"id":18482,"href":"https:\/\/www.wfsitalia.com\/it\/wp-json\/wp\/v2\/pages\/263\/revisions\/18482"}],"wp:attachment":[{"href":"https:\/\/www.wfsitalia.com\/it\/wp-json\/wp\/v2\/media?parent=263"}],"curies":[{"name":"wp","href":"https:\/\/api.w.org\/{rel}","templated":true}]}}